{"id":3,"date":"2025-02-05T10:45:16","date_gmt":"2025-02-05T09:45:16","guid":{"rendered":"http:\/\/localhost:8881\/?page_id=3"},"modified":"2025-04-24T10:27:31","modified_gmt":"2025-04-24T08:27:31","slug":"politica-privacidad","status":"publish","type":"page","link":"https:\/\/dictator.es\/landing\/politica-privacidad\/","title":{"rendered":"Pol\u00edtica de privacidad"},"content":{"rendered":"<table class=\"aviso-legal-table\">\n<tbody>\n<tr>\n<td colspan=\"2\" width=\"430\"><strong>Informaci\u00f3n B\u00e1sica sobre Protecci\u00f3n de Datos<\/strong><\/td>\n<\/tr>\n<tr>\n<td width=\"123\">Responsable:<\/td>\n<td width=\"308\">DICTATOR ESPA\u00d1OLA, S.A.U.<\/td>\n<\/tr>\n<tr>\n<td width=\"123\">Finalidad:<\/td>\n<td width=\"308\">Gesti\u00f3n de la relaci\u00f3n con los potenciales clientes<\/td>\n<\/tr>\n<tr>\n<td width=\"123\">Legitimaci\u00f3n:<\/td>\n<td width=\"308\">\u25aa\u00a0\u00a0\u00a0\u00a0\u00a0 Consentimiento del interesado.<\/td>\n<\/tr>\n<tr>\n<td width=\"123\">Destinatarios:<\/td>\n<td width=\"308\">Est\u00e1n previstas cesiones de datos a YLMP.com (Your Mailing List Provider).<\/td>\n<\/tr>\n<tr>\n<td width=\"123\">Derechos:<\/td>\n<td width=\"308\">Tiene derecho a acceder, rectificar y suprimir los datos, as\u00ed como otros derechos, indicados en la informaci\u00f3n adicional, que puede ejercer dirigi\u00e9ndose a la direcci\u00f3n del responsable del tratamiento<\/td>\n<\/tr>\n<tr>\n<td width=\"123\">Procedencia:<\/td>\n<td width=\"308\">El propio interesado.<\/td>\n<\/tr>\n<tr>\n<td width=\"123\">Informaci\u00f3n adicional:<\/td>\n<td width=\"308\">Puede consultar informaci\u00f3n adicional y detallada sobre Protecci\u00f3n de Datos en nuestra p\u00e1gina web: www.dictator.es<\/td>\n<\/tr>\n<\/tbody>\n<\/table>\n<h2>\u00bfQui\u00e9n es el responsable del tratamiento de sus datos?<\/h2>\n<p>Identidad: DICTATOR ESPA\u00d1OLA, S.A.U. &#8211; NIF: A08326977 Direcci\u00f3n postal: C\/ MONTCADA, 8, 08130 SANTA PERPETUA DE LA MOGODA &#8211; BARCELONA &#8211; (ESPA\u00d1A) Tel\u00e9fono: 937191314 Correo electr\u00f3nico: dictator@dictator.es<\/p>\n<h2>\u00bfCon qu\u00e9 finalidad tratamos sus datos personales?<\/h2>\n<p>En DICTATOR ESPA\u00d1OLA, S.A.U. tratamos la informaci\u00f3n que nos facilitan las personas interesadas con el fin de realizar la gesti\u00f3n administrativa de los servicios solicitados, as\u00ed como enviar comunicaciones comerciales sobre nuestros productos y servicios.<\/p>\n<h2>\u00bfPor cu\u00e1nto tiempo conservaremos sus datos?<\/h2>\n<p>Los datos se conservar\u00e1n mientras se mantenga la relaci\u00f3n comercial, y en su caso, durante los a\u00f1os necesarios para cumplir con las obligaciones legales.<\/p>\n<h2>\u00bfCu\u00e1l es la legitimaci\u00f3n para el tratamiento de sus datos?<\/h2>\n<p>Le indicamos la base legal para el tratamiento de sus datos:<\/p>\n<ul>\n<li>Consentimiento del interesado: El usuario consiente el tratamiento de sus datos para la finalidad indicada.<\/li>\n<\/ul>\n<h2>\u00bfA qu\u00e9 destinatarios se comunicar\u00e1n sus datos?<\/h2>\n<p>Los datos se comunicar\u00e1n a los siguientes destinatarios:<\/p>\n<ul>\n<li>com (Your Mailing List Provider). Puedes consultar la pol\u00edtica de privacidad y dem\u00e1s aspectos legales en https:\/\/www.ymlp.com\/es\/privacy_policy.html<\/li>\n<\/ul>\n<h2>\u00bfTransferencias de datos a terceros pa\u00edses?<\/h2>\n<p>No est\u00e1n previstas transferencias de datos a terceros pa\u00edses.<\/p>\n<h2>\u00bfCu\u00e1les son sus derechos cuando nos facilita sus datos?<\/h2>\n<p>Cualquier persona tiene derecho a obtener confirmaci\u00f3n sobre si en DICTATOR ESPA\u00d1OLA, S.A.U. estamos tratando datos personales que les conciernan, o no. Las personas interesadas tienen derecho a acceder a sus datos personales, as\u00ed como a solicitar la rectificaci\u00f3n de los datos inexactos o, en su caso, solicitar su supresi\u00f3n cuando, entre otros motivos, los datos ya no sean necesarios para los fines que fueron recogidos. En determinadas circunstancias, los interesados podr\u00e1n solicitar la limitaci\u00f3n del tratamiento de sus datos, en cuyo caso \u00fanicamente los conservaremos para el ejercicio o la defensa de reclamaciones. En determinadas circunstancias y por motivos relacionados con su situaci\u00f3n particular, los interesados podr\u00e1n oponerse al tratamiento de sus datos. En este caso, DICTATOR ESPA\u00d1OLA, S.A.U. dejar\u00e1 de tratar los datos, salvo por motivos leg\u00edtimos imperiosos, o el ejercicio o la defensa de posibles reclamaciones. Podr\u00e1 ejercitar materialmente sus derechos de la siguiente forma: Tiene derecho a acceder, rectificar y suprimir los datos, as\u00ed como otros derechos, indicados en la informaci\u00f3n adicional, que puede ejercer dirigi\u00e9ndose a la direcci\u00f3n del responsable del tratamiento Si ha otorgado su consentimiento para alguna finalidad concreta, tiene derecho a retirar el consentimiento otorgado en cualquier momento, sin que ello afecte a la licitud del tratamiento basado en el consentimiento previo a su retirada. En caso de que sienta vulnerados sus derechos en lo concerniente a la protecci\u00f3n de sus datos personales, especialmente cuando no haya obtenido satisfacci\u00f3n en el ejercicio de sus derechos, puede presentar una reclamaci\u00f3n ante la Autoridad de Control en materia de Protecci\u00f3n de Datos competente a trav\u00e9s de su sitio web: www.agpd.es.<\/p>\n<h2>\u00bfC\u00d3MO HEMOS OBTENIDO SUS DATOS?<\/h2>\n<p>Los datos personales que tratamos en DICTATOR ESPA\u00d1OLA, S.A.U. proceden del propio interesado. Las categor\u00edas de datos que se tratan son:<\/p>\n<ul>\n<li>Datos identificativos<\/li>\n<li>Direcciones postales y electr\u00f3nicas<\/li>\n<li>Informaci\u00f3n comercial<\/li>\n<\/ul>\n<p>No se tratan categor\u00edas especiales de datos personales (son aquellos datos que revelen el origen \u00e9tnico o racial, las opiniones pol\u00edticas, las convicciones religiosas o filos\u00f3ficas, o la afiliaci\u00f3n sindical, datos gen\u00e9ticos, datos biom\u00e9tricos dirigidos a identificar de manera un\u00edvoca a una persona f\u00edsica, datos relativos a la salud o datos relativos a la vida sexual o la orientaci\u00f3n sexual de una persona f\u00edsica).<\/p>\n","protected":false},"excerpt":{"rendered":"<p>Informaci\u00f3n B\u00e1sica sobre Protecci\u00f3n de Datos Responsable: DICTATOR ESPA\u00d1OLA, S.A.U. Finalidad: Gesti\u00f3n de la relaci\u00f3n con los potenciales clientes Legitimaci\u00f3n: \u25aa\u00a0\u00a0\u00a0\u00a0\u00a0 Consentimiento del interesado. Destinatarios: Est\u00e1n previstas cesiones de datos a YLMP.com (Your Mailing List Provider). Derechos: Tiene derecho a acceder, rectificar y suprimir los datos, as\u00ed como otros derechos, indicados en la informaci\u00f3n adicional, [&hellip;]<\/p>\n","protected":false},"author":1,"featured_media":0,"parent":0,"menu_order":0,"comment_status":"closed","ping_status":"open","template":"","meta":{"_acf_changed":false,"footnotes":""},"class_list":["post-3","page","type-page","status-publish","hentry"],"acf":[],"yoast_head":"<!-- This site is optimized with the Yoast SEO plugin v24.8.1 - https:\/\/yoast.com\/wordpress\/plugins\/seo\/ -->\r\n<title>Pol\u00edtica de privacidad - Dictator<\/title>\r\n<meta name=\"robots\" content=\"noindex, follow, max-snippet:-1, max-image-preview:large, max-video-preview:-1\" \/>\r\n<meta property=\"og:locale\" content=\"es_ES\" \/>\r\n<meta property=\"og:type\" content=\"article\" \/>\r\n<meta property=\"og:title\" content=\"Pol\u00edtica de privacidad - Dictator\" \/>\r\n<meta property=\"og:description\" content=\"Informaci\u00f3n B\u00e1sica sobre Protecci\u00f3n de Datos Responsable: DICTATOR ESPA\u00d1OLA, S.A.U. Finalidad: Gesti\u00f3n de la relaci\u00f3n con los potenciales clientes Legitimaci\u00f3n: \u25aa\u00a0\u00a0\u00a0\u00a0\u00a0 Consentimiento del interesado. Destinatarios: Est\u00e1n previstas cesiones de datos a YLMP.com (Your Mailing List Provider). Derechos: Tiene derecho a acceder, rectificar y suprimir los datos, as\u00ed como otros derechos, indicados en la informaci\u00f3n adicional, [&hellip;]\" \/>\r\n<meta property=\"og:url\" content=\"https:\/\/dictator.es\/landing\/politica-privacidad\/\" \/>\r\n<meta property=\"og:site_name\" content=\"Dictator\" \/>\r\n<meta property=\"article:modified_time\" content=\"2025-04-24T08:27:31+00:00\" \/>\r\n<meta name=\"twitter:card\" content=\"summary_large_image\" \/>\r\n<meta name=\"twitter:label1\" content=\"Tiempo de lectura\" \/>\n\t<meta name=\"twitter:data1\" content=\"3 minutos\" \/>\r\n<script type=\"application\/ld+json\" class=\"yoast-schema-graph\">{\"@context\":\"https:\/\/schema.org\",\"@graph\":[{\"@type\":\"WebPage\",\"@id\":\"https:\/\/dictator.es\/landing\/politica-privacidad\/\",\"url\":\"https:\/\/dictator.es\/landing\/politica-privacidad\/\",\"name\":\"Pol\u00edtica de privacidad - Dictator\",\"isPartOf\":{\"@id\":\"https:\/\/dictator.es\/landing\/#website\"},\"datePublished\":\"2025-02-05T09:45:16+00:00\",\"dateModified\":\"2025-04-24T08:27:31+00:00\",\"breadcrumb\":{\"@id\":\"https:\/\/dictator.es\/landing\/politica-privacidad\/#breadcrumb\"},\"inLanguage\":\"es\",\"potentialAction\":[{\"@type\":\"ReadAction\",\"target\":[\"https:\/\/dictator.es\/landing\/politica-privacidad\/\"]}]},{\"@type\":\"BreadcrumbList\",\"@id\":\"https:\/\/dictator.es\/landing\/politica-privacidad\/#breadcrumb\",\"itemListElement\":[{\"@type\":\"ListItem\",\"position\":1,\"name\":\"Portada\",\"item\":\"https:\/\/dictator.es\/landing\/\"},{\"@type\":\"ListItem\",\"position\":2,\"name\":\"Pol\u00edtica de privacidad\"}]},{\"@type\":\"WebSite\",\"@id\":\"https:\/\/dictator.es\/landing\/#website\",\"url\":\"https:\/\/dictator.es\/landing\/\",\"name\":\"Dictator\",\"description\":\"\",\"potentialAction\":[{\"@type\":\"SearchAction\",\"target\":{\"@type\":\"EntryPoint\",\"urlTemplate\":\"https:\/\/dictator.es\/landing\/?s={search_term_string}\"},\"query-input\":{\"@type\":\"PropertyValueSpecification\",\"valueRequired\":true,\"valueName\":\"search_term_string\"}}],\"inLanguage\":\"es\"}]}<\/script>\r\n<!-- \/ Yoast SEO plugin. -->","yoast_head_json":{"title":"Pol\u00edtica de privacidad - Dictator","robots":{"index":"noindex","follow":"follow","max-snippet":"max-snippet:-1","max-image-preview":"max-image-preview:large","max-video-preview":"max-video-preview:-1"},"og_locale":"es_ES","og_type":"article","og_title":"Pol\u00edtica de privacidad - Dictator","og_description":"Informaci\u00f3n B\u00e1sica sobre Protecci\u00f3n de Datos Responsable: DICTATOR ESPA\u00d1OLA, S.A.U. Finalidad: Gesti\u00f3n de la relaci\u00f3n con los potenciales clientes Legitimaci\u00f3n: \u25aa\u00a0\u00a0\u00a0\u00a0\u00a0 Consentimiento del interesado. Destinatarios: Est\u00e1n previstas cesiones de datos a YLMP.com (Your Mailing List Provider). Derechos: Tiene derecho a acceder, rectificar y suprimir los datos, as\u00ed como otros derechos, indicados en la informaci\u00f3n adicional, [&hellip;]","og_url":"https:\/\/dictator.es\/landing\/politica-privacidad\/","og_site_name":"Dictator","article_modified_time":"2025-04-24T08:27:31+00:00","twitter_card":"summary_large_image","twitter_misc":{"Tiempo de lectura":"3 minutos"},"schema":{"@context":"https:\/\/schema.org","@graph":[{"@type":"WebPage","@id":"https:\/\/dictator.es\/landing\/politica-privacidad\/","url":"https:\/\/dictator.es\/landing\/politica-privacidad\/","name":"Pol\u00edtica de privacidad - Dictator","isPartOf":{"@id":"https:\/\/dictator.es\/landing\/#website"},"datePublished":"2025-02-05T09:45:16+00:00","dateModified":"2025-04-24T08:27:31+00:00","breadcrumb":{"@id":"https:\/\/dictator.es\/landing\/politica-privacidad\/#breadcrumb"},"inLanguage":"es","potentialAction":[{"@type":"ReadAction","target":["https:\/\/dictator.es\/landing\/politica-privacidad\/"]}]},{"@type":"BreadcrumbList","@id":"https:\/\/dictator.es\/landing\/politica-privacidad\/#breadcrumb","itemListElement":[{"@type":"ListItem","position":1,"name":"Portada","item":"https:\/\/dictator.es\/landing\/"},{"@type":"ListItem","position":2,"name":"Pol\u00edtica de privacidad"}]},{"@type":"WebSite","@id":"https:\/\/dictator.es\/landing\/#website","url":"https:\/\/dictator.es\/landing\/","name":"Dictator","description":"","potentialAction":[{"@type":"SearchAction","target":{"@type":"EntryPoint","urlTemplate":"https:\/\/dictator.es\/landing\/?s={search_term_string}"},"query-input":{"@type":"PropertyValueSpecification","valueRequired":true,"valueName":"search_term_string"}}],"inLanguage":"es"}]}},"_links":{"self":[{"href":"https:\/\/dictator.es\/landing\/wp-json\/wp\/v2\/pages\/3","targetHints":{"allow":["GET"]}}],"collection":[{"href":"https:\/\/dictator.es\/landing\/wp-json\/wp\/v2\/pages"}],"about":[{"href":"https:\/\/dictator.es\/landing\/wp-json\/wp\/v2\/types\/page"}],"author":[{"embeddable":true,"href":"https:\/\/dictator.es\/landing\/wp-json\/wp\/v2\/users\/1"}],"replies":[{"embeddable":true,"href":"https:\/\/dictator.es\/landing\/wp-json\/wp\/v2\/comments?post=3"}],"version-history":[{"count":3,"href":"https:\/\/dictator.es\/landing\/wp-json\/wp\/v2\/pages\/3\/revisions"}],"predecessor-version":[{"id":2225,"href":"https:\/\/dictator.es\/landing\/wp-json\/wp\/v2\/pages\/3\/revisions\/2225"}],"wp:attachment":[{"href":"https:\/\/dictator.es\/landing\/wp-json\/wp\/v2\/media?parent=3"}],"curies":[{"name":"wp","href":"https:\/\/api.w.org\/{rel}","templated":true}]}}